{"id":594,"date":"2025-12-18T04:38:24","date_gmt":"2025-12-18T04:38:24","guid":{"rendered":"https:\/\/josin.com.sg\/%e3%83%91%e3%83%83%e3%82%b1%e3%83%bc%e3%82%b8%e7%94%a8%e5%93%81\/"},"modified":"2025-12-29T03:45:00","modified_gmt":"2025-12-29T03:45:00","slug":"%e3%83%91%e3%83%83%e3%82%b1%e3%83%bc%e3%82%b8%e7%94%a8%e5%93%81","status":"publish","type":"page","link":"https:\/\/josin.com.sg\/ja\/%e3%83%91%e3%83%83%e3%82%b1%e3%83%bc%e3%82%b8%e7%94%a8%e5%93%81\/","title":{"rendered":"\u30d1\u30c3\u30b1\u30fc\u30b8\u7528\u54c1"},"content":{"rendered":"\t\t<div data-elementor-type=\"wp-page\" data-elementor-id=\"594\" class=\"elementor elementor-594 elementor-191\" data-elementor-post-type=\"page\">\n\t\t\t\t<div class=\"elementor-element elementor-element-1a4742d e-flex e-con-boxed e-con e-parent\" data-id=\"1a4742d\" data-element_type=\"container\" data-e-type=\"container\">\n\t\t\t\t\t<div class=\"e-con-inner\">\n\t\t<div class=\"elementor-element elementor-element-e8c356d e-con-full e-flex e-con e-child\" data-id=\"e8c356d\" data-element_type=\"container\" data-e-type=\"container\">\n\t\t\t\t<div class=\"elementor-element elementor-element-7f8c61f elementor-widget elementor-widget-image\" data-id=\"7f8c61f\" data-element_type=\"widget\" data-e-type=\"widget\" data-widget_type=\"image.default\">\n\t\t\t\t\t\t\t\t\t\t\t\t\t\t\t<img fetchpriority=\"high\" decoding=\"async\" width=\"1918\" height=\"800\" src=\"https:\/\/josin.com.sg\/wp-content\/uploads\/2025\/12\/01_Pages_2-HiroPackaging_jp-1.jpg\" class=\"attachment-full size-full wp-image-585\" alt=\"\u30d1\u30c3\u30b1\u30fc\u30b8\u7528\u54c1\" srcset=\"https:\/\/josin.com.sg\/wp-content\/uploads\/2025\/12\/01_Pages_2-HiroPackaging_jp-1.jpg 1918w, https:\/\/josin.com.sg\/wp-content\/uploads\/2025\/12\/01_Pages_2-HiroPackaging_jp-1-300x125.jpg 300w, https:\/\/josin.com.sg\/wp-content\/uploads\/2025\/12\/01_Pages_2-HiroPackaging_jp-1-1024x427.jpg 1024w, https:\/\/josin.com.sg\/wp-content\/uploads\/2025\/12\/01_Pages_2-HiroPackaging_jp-1-768x320.jpg 768w, https:\/\/josin.com.sg\/wp-content\/uploads\/2025\/12\/01_Pages_2-HiroPackaging_jp-1-1536x641.jpg 1536w\" sizes=\"(max-width: 1918px) 100vw, 1918px\" \/>\t\t\t\t\t\t\t\t\t\t\t\t\t\t\t<\/div>\n\t\t\t\t<\/div>\n\t\t\t\t\t<\/div>\n\t\t\t\t<\/div>\n\t\t<div class=\"elementor-element elementor-element-cb36dc9 e-flex e-con-boxed e-con e-parent\" data-id=\"cb36dc9\" data-element_type=\"container\" data-e-type=\"container\">\n\t\t\t\t\t<div class=\"e-con-inner\">\n\t\t<div class=\"elementor-element elementor-element-7664cb3 e-con-full e-flex e-con e-child\" data-id=\"7664cb3\" data-element_type=\"container\" data-e-type=\"container\">\n\t\t\t\t<div class=\"elementor-element elementor-element-f04a203 elementor-widget elementor-widget-image\" data-id=\"f04a203\" data-element_type=\"widget\" data-e-type=\"widget\" data-widget_type=\"image.default\">\n\t\t\t\t\t\t\t\t\t\t\t\t\t\t\t<img decoding=\"async\" width=\"798\" height=\"554\" src=\"https:\/\/josin.com.sg\/wp-content\/uploads\/2025\/12\/01_Products_02-1.jpg\" class=\"attachment-full size-full wp-image-586\" alt=\"\" \/>\t\t\t\t\t\t\t\t\t\t\t\t\t\t\t<\/div>\n\t\t\t\t<div class=\"elementor-element elementor-element-2c1a486 elementor-widget elementor-widget-heading\" data-id=\"2c1a486\" data-element_type=\"widget\" data-e-type=\"widget\" data-widget_type=\"heading.default\">\n\t\t\t\t\t<h3 class=\"elementor-heading-title elementor-size-default\">OK Series Sushi Platter (OK-3 Ajisai)<\/h3>\t\t\t\t<\/div>\n\t\t\t\t<div class=\"elementor-element elementor-element-c12e096 elementor-widget elementor-widget-text-editor\" data-id=\"c12e096\" data-element_type=\"widget\" data-e-type=\"widget\" data-widget_type=\"text-editor.default\">\n\t\t\t\t\t\t\t\t\t<p>SIZE: 284mm\u00d746mm<br>PACKING: 15pcs\/10pkts<\/p>\t\t\t\t\t\t\t\t<\/div>\n\t\t\t\t<\/div>\n\t\t<div class=\"elementor-element elementor-element-34e7827 e-con-full e-flex e-con e-child\" data-id=\"34e7827\" data-element_type=\"container\" data-e-type=\"container\">\n\t\t\t\t<div class=\"elementor-element elementor-element-b9096ed elementor-widget elementor-widget-image\" data-id=\"b9096ed\" data-element_type=\"widget\" data-e-type=\"widget\" data-widget_type=\"image.default\">\n\t\t\t\t\t\t\t\t\t\t\t\t\t\t\t<img decoding=\"async\" width=\"798\" height=\"554\" src=\"https:\/\/josin.com.sg\/wp-content\/uploads\/2025\/12\/01_Products_02-2.jpg\" class=\"attachment-full size-full wp-image-587\" alt=\"\" \/>\t\t\t\t\t\t\t\t\t\t\t\t\t\t\t<\/div>\n\t\t\t\t<div class=\"elementor-element elementor-element-3187b0f elementor-widget elementor-widget-heading\" data-id=\"3187b0f\" data-element_type=\"widget\" data-e-type=\"widget\" data-widget_type=\"heading.default\">\n\t\t\t\t\t<h3 class=\"elementor-heading-title elementor-size-default\">LB Series Lunch Box (LB-18-N R&amp;B)<\/h3>\t\t\t\t<\/div>\n\t\t\t\t<div class=\"elementor-element elementor-element-d38c922 elementor-widget elementor-widget-text-editor\" data-id=\"d38c922\" data-element_type=\"widget\" data-e-type=\"widget\" data-widget_type=\"text-editor.default\">\n\t\t\t\t\t\t\t\t\t<p>SIZE: 230mm\u00d7230mm\u00d734mm<br>PACKING: 50pcs\/20pkts<\/p>\t\t\t\t\t\t\t\t<\/div>\n\t\t\t\t<\/div>\n\t\t\t\t\t<\/div>\n\t\t\t\t<\/div>\n\t\t<div class=\"elementor-element elementor-element-4a0454b e-flex e-con-boxed e-con e-parent\" data-id=\"4a0454b\" data-element_type=\"container\" data-e-type=\"container\">\n\t\t\t\t\t<div class=\"e-con-inner\">\n\t\t<div class=\"elementor-element elementor-element-a0743cb e-con-full e-flex e-con e-child\" data-id=\"a0743cb\" data-element_type=\"container\" data-e-type=\"container\">\n\t\t\t\t<div class=\"elementor-element elementor-element-a7718e9 elementor-widget elementor-widget-image\" data-id=\"a7718e9\" data-element_type=\"widget\" data-e-type=\"widget\" data-widget_type=\"image.default\">\n\t\t\t\t\t\t\t\t\t\t\t\t\t\t\t<img loading=\"lazy\" decoding=\"async\" width=\"798\" height=\"554\" src=\"https:\/\/josin.com.sg\/wp-content\/uploads\/2025\/12\/01_Products_02-3.jpg\" class=\"attachment-full size-full wp-image-588\" alt=\"\" \/>\t\t\t\t\t\t\t\t\t\t\t\t\t\t\t<\/div>\n\t\t\t\t<div class=\"elementor-element elementor-element-ea7055d elementor-widget elementor-widget-heading\" data-id=\"ea7055d\" data-element_type=\"widget\" data-e-type=\"widget\" data-widget_type=\"heading.default\">\n\t\t\t\t\t<h3 class=\"elementor-heading-title elementor-size-default\">LB Series Side Dish Tray (LB-110 ~ 318)<\/h3>\t\t\t\t<\/div>\n\t\t\t\t<div class=\"elementor-element elementor-element-513ebe3 elementor-widget elementor-widget-text-editor\" data-id=\"513ebe3\" data-element_type=\"widget\" data-e-type=\"widget\" data-widget_type=\"text-editor.default\">\n\t\t\t\t\t\t\t\t\t<p>SIZE: 118mm\u00d7118mm\u00d730mm ~ 184mm\u00d7128mm\u00d723mm<br>PACKING: 50pcs\/24pkts<\/p>\t\t\t\t\t\t\t\t<\/div>\n\t\t\t\t<\/div>\n\t\t<div class=\"elementor-element elementor-element-89a0926 e-con-full e-flex e-con e-child\" data-id=\"89a0926\" data-element_type=\"container\" data-e-type=\"container\">\n\t\t\t\t<div class=\"elementor-element elementor-element-00bc39b elementor-widget elementor-widget-image\" data-id=\"00bc39b\" data-element_type=\"widget\" data-e-type=\"widget\" data-widget_type=\"image.default\">\n\t\t\t\t\t\t\t\t\t\t\t\t\t\t\t<img loading=\"lazy\" decoding=\"async\" width=\"798\" height=\"554\" src=\"https:\/\/josin.com.sg\/wp-content\/uploads\/2025\/12\/01_Products_02-4.jpg\" class=\"attachment-full size-full wp-image-589\" alt=\"\" \/>\t\t\t\t\t\t\t\t\t\t\t\t\t\t\t<\/div>\n\t\t\t\t<div class=\"elementor-element elementor-element-1d82632 elementor-widget elementor-widget-heading\" data-id=\"1d82632\" data-element_type=\"widget\" data-e-type=\"widget\" data-widget_type=\"heading.default\">\n\t\t\t\t\t<h3 class=\"elementor-heading-title elementor-size-default\">LB Series Chicken Box (LB-520)<\/h3>\t\t\t\t<\/div>\n\t\t\t\t<div class=\"elementor-element elementor-element-f073edd elementor-widget elementor-widget-text-editor\" data-id=\"f073edd\" data-element_type=\"widget\" data-e-type=\"widget\" data-widget_type=\"text-editor.default\">\n\t\t\t\t\t\t\t\t\t<p>SIZE: 250mm\u00d7184mm\u00d747mm<br>PACKING: 25pcs\/8pkts<\/p>\t\t\t\t\t\t\t\t<\/div>\n\t\t\t\t<\/div>\n\t\t\t\t\t<\/div>\n\t\t\t\t<\/div>\n\t\t<div class=\"elementor-element elementor-element-4ded24d e-flex e-con-boxed e-con e-parent\" data-id=\"4ded24d\" data-element_type=\"container\" data-e-type=\"container\">\n\t\t\t\t\t<div class=\"e-con-inner\">\n\t\t<div class=\"elementor-element elementor-element-7f3b48a e-con-full e-flex e-con e-child\" data-id=\"7f3b48a\" data-element_type=\"container\" data-e-type=\"container\">\n\t\t\t\t<div class=\"elementor-element elementor-element-5ef7769 elementor-widget elementor-widget-image\" data-id=\"5ef7769\" data-element_type=\"widget\" data-e-type=\"widget\" data-widget_type=\"image.default\">\n\t\t\t\t\t\t\t\t\t\t\t\t\t\t\t<img loading=\"lazy\" decoding=\"async\" width=\"798\" height=\"554\" src=\"https:\/\/josin.com.sg\/wp-content\/uploads\/2025\/12\/01_Products_02-5.jpg\" class=\"attachment-full size-full wp-image-590\" alt=\"PS Series Platter\" \/>\t\t\t\t\t\t\t\t\t\t\t\t\t\t\t<\/div>\n\t\t\t\t<div class=\"elementor-element elementor-element-a005b16 elementor-widget elementor-widget-heading\" data-id=\"a005b16\" data-element_type=\"widget\" data-e-type=\"widget\" data-widget_type=\"heading.default\">\n\t\t\t\t\t<h3 class=\"elementor-heading-title elementor-size-default\">PS Series Platter (PS-1\u2022PS-65)<\/h3>\t\t\t\t<\/div>\n\t\t\t\t<div class=\"elementor-element elementor-element-d6f2005 elementor-widget elementor-widget-text-editor\" data-id=\"d6f2005\" data-element_type=\"widget\" data-e-type=\"widget\" data-widget_type=\"text-editor.default\">\n\t\t\t\t\t\t\t\t\t<p>SIZE: 330mm\u00d7230mm\u00d720mm \u2022 418mm\u00d7298mm\u00d740mm<br>PACKING: 25pcs\/16pkts \u2022 10pcs\/10pkts<\/p>\t\t\t\t\t\t\t\t<\/div>\n\t\t\t\t<\/div>\n\t\t<div class=\"elementor-element elementor-element-0f617ef e-con-full e-flex e-con e-child\" data-id=\"0f617ef\" data-element_type=\"container\" data-e-type=\"container\">\n\t\t\t\t<div class=\"elementor-element elementor-element-167e6b9 elementor-widget elementor-widget-image\" data-id=\"167e6b9\" data-element_type=\"widget\" data-e-type=\"widget\" data-widget_type=\"image.default\">\n\t\t\t\t\t\t\t\t\t\t\t\t\t\t\t<img loading=\"lazy\" decoding=\"async\" width=\"798\" height=\"554\" src=\"https:\/\/josin.com.sg\/wp-content\/uploads\/2025\/12\/01_Products_02-6.jpg\" class=\"attachment-full size-full wp-image-591\" alt=\"\" \/>\t\t\t\t\t\t\t\t\t\t\t\t\t\t\t<\/div>\n\t\t\t\t<div class=\"elementor-element elementor-element-333c605 elementor-widget elementor-widget-heading\" data-id=\"333c605\" data-element_type=\"widget\" data-e-type=\"widget\" data-widget_type=\"heading.default\">\n\t\t\t\t\t<h3 class=\"elementor-heading-title elementor-size-default\">PS Series Round Platter (PS-84\u2022PS-85 China)<\/h3>\t\t\t\t<\/div>\n\t\t\t\t<div class=\"elementor-element elementor-element-7ade0cb elementor-widget elementor-widget-text-editor\" data-id=\"7ade0cb\" data-element_type=\"widget\" data-e-type=\"widget\" data-widget_type=\"text-editor.default\">\n\t\t\t\t\t\t\t\t\t<p>SIZE: 318mm\u00d740mm \u2022 358mm\u00d740mm<br>PACKING: 10pcs\/10pkts<\/p>\t\t\t\t\t\t\t\t<\/div>\n\t\t\t\t<\/div>\n\t\t\t\t\t<\/div>\n\t\t\t\t<\/div>\n\t\t<div class=\"elementor-element elementor-element-b58a300 e-flex e-con-boxed e-con e-parent\" data-id=\"b58a300\" data-element_type=\"container\" data-e-type=\"container\">\n\t\t\t\t\t<div class=\"e-con-inner\">\n\t\t<div class=\"elementor-element elementor-element-301c68b e-con-full e-flex e-con e-child\" data-id=\"301c68b\" data-element_type=\"container\" data-e-type=\"container\">\n\t\t\t\t<div class=\"elementor-element elementor-element-742429e elementor-widget elementor-widget-image\" data-id=\"742429e\" data-element_type=\"widget\" data-e-type=\"widget\" data-widget_type=\"image.default\">\n\t\t\t\t\t\t\t\t\t\t\t\t\t\t\t<img loading=\"lazy\" decoding=\"async\" width=\"798\" height=\"554\" src=\"https:\/\/josin.com.sg\/wp-content\/uploads\/2025\/12\/01_Products_02-7.jpg\" class=\"attachment-full size-full wp-image-592\" alt=\"PS Series Round Container\" \/>\t\t\t\t\t\t\t\t\t\t\t\t\t\t\t<\/div>\n\t\t\t\t<div class=\"elementor-element elementor-element-e0db374 elementor-widget elementor-widget-heading\" data-id=\"e0db374\" data-element_type=\"widget\" data-e-type=\"widget\" data-widget_type=\"heading.default\">\n\t\t\t\t\t<h3 class=\"elementor-heading-title elementor-size-default\">PS Series Round Container (PS-32-D ~ 37-D)<\/h3>\t\t\t\t<\/div>\n\t\t\t\t<div class=\"elementor-element elementor-element-f50beec elementor-widget elementor-widget-text-editor\" data-id=\"f50beec\" data-element_type=\"widget\" data-e-type=\"widget\" data-widget_type=\"text-editor.default\">\n\t\t\t\t\t\t\t\t\t<p>SIZE: 148mm\u00d728mm ~ 200mm\u00d7150mm\u00d728mm <br>PACKING: 50pcs\/18pkts \u2022 50pcs\/12pkts<\/p>\t\t\t\t\t\t\t\t<\/div>\n\t\t\t\t<\/div>\n\t\t<div class=\"elementor-element elementor-element-a868d77 e-con-full e-flex e-con e-child\" data-id=\"a868d77\" data-element_type=\"container\" data-e-type=\"container\">\n\t\t\t\t<div class=\"elementor-element elementor-element-df1abb0 elementor-widget elementor-widget-image\" data-id=\"df1abb0\" data-element_type=\"widget\" data-e-type=\"widget\" data-widget_type=\"image.default\">\n\t\t\t\t\t\t\t\t\t\t\t\t\t\t\t<img loading=\"lazy\" decoding=\"async\" width=\"798\" height=\"554\" src=\"https:\/\/josin.com.sg\/wp-content\/uploads\/2025\/12\/01_Products_02-8.jpg\" class=\"attachment-full size-full wp-image-593\" alt=\"CK Series Cake Box\" \/>\t\t\t\t\t\t\t\t\t\t\t\t\t\t\t<\/div>\n\t\t\t\t<div class=\"elementor-element elementor-element-138d14c elementor-widget elementor-widget-heading\" data-id=\"138d14c\" data-element_type=\"widget\" data-e-type=\"widget\" data-widget_type=\"heading.default\">\n\t\t\t\t\t<h3 class=\"elementor-heading-title elementor-size-default\">CK Series Cake Box (CK-32\u2022CK-22)<\/h3>\t\t\t\t<\/div>\n\t\t\t\t<div class=\"elementor-element elementor-element-8ff3e48 elementor-widget elementor-widget-text-editor\" data-id=\"8ff3e48\" data-element_type=\"widget\" data-e-type=\"widget\" data-widget_type=\"text-editor.default\">\n\t\t\t\t\t\t\t\t\t<p>SIZE: 202mm\u00d717mm \u2022 268mm\u00d7156mm\u00d718mm<br>PACKING: 25pcs\/12pkts<\/p>\t\t\t\t\t\t\t\t<\/div>\n\t\t\t\t<\/div>\n\t\t\t\t\t<\/div>\n\t\t\t\t<\/div>\n\t\t<div class=\"elementor-element elementor-element-6809fe2 e-flex e-con-boxed e-con e-parent\" data-id=\"6809fe2\" data-element_type=\"container\" data-e-type=\"container\" data-settings=\"{&quot;background_background&quot;:&quot;classic&quot;}\">\n\t\t\t\t\t<div class=\"e-con-inner\">\n\t\t<div class=\"elementor-element elementor-element-9bb820e e-con-full elementor-hidden-mobile e-flex e-con e-child\" data-id=\"9bb820e\" data-element_type=\"container\" data-e-type=\"container\">\n\t\t\t\t<\/div>\n\t\t<div class=\"elementor-element elementor-element-43a4176 e-con-full e-flex e-con e-child\" data-id=\"43a4176\" data-element_type=\"container\" data-e-type=\"container\">\n\t\t\t\t<div class=\"elementor-element elementor-element-6975d4c elementor-widget elementor-widget-image\" data-id=\"6975d4c\" data-element_type=\"widget\" data-e-type=\"widget\" data-widget_type=\"image.default\">\n\t\t\t\t\t\t\t\t\t\t\t\t\t\t\t\t<a href=\"https:\/\/www.hirofood.com\/product\/PDF\/2025HIRO.pdf\" target=\"_blank\">\n\t\t\t\t\t\t\t<img loading=\"lazy\" decoding=\"async\" width=\"395\" height=\"395\" src=\"https:\/\/josin.com.sg\/wp-content\/uploads\/2025\/12\/bt-Download-Catalogue_JP-1.png\" class=\"attachment-full size-full wp-image-557\" alt=\"\" srcset=\"https:\/\/josin.com.sg\/wp-content\/uploads\/2025\/12\/bt-Download-Catalogue_JP-1.png 395w, https:\/\/josin.com.sg\/wp-content\/uploads\/2025\/12\/bt-Download-Catalogue_JP-1-300x300.png 300w, https:\/\/josin.com.sg\/wp-content\/uploads\/2025\/12\/bt-Download-Catalogue_JP-1-150x150.png 150w\" sizes=\"(max-width: 395px) 100vw, 395px\" \/>\t\t\t\t\t\t\t\t<\/a>\n\t\t\t\t\t\t\t\t\t\t\t\t\t\t\t<\/div>\n\t\t\t\t<\/div>\n\t\t<div class=\"elementor-element elementor-element-308765d e-con-full elementor-hidden-mobile e-flex e-con e-child\" data-id=\"308765d\" data-element_type=\"container\" data-e-type=\"container\">\n\t\t\t\t<\/div>\n\t\t\t\t\t<\/div>\n\t\t\t\t<\/div>\n\t\t\t\t<\/div>\n\t\t","protected":false},"excerpt":{"rendered":"<p>OK Series Sushi Plat [&hellip;]<\/p>\n","protected":false},"author":1,"featured_media":0,"parent":0,"menu_order":0,"comment_status":"closed","ping_status":"closed","template":"","meta":{"site-sidebar-layout":"no-sidebar","site-content-layout":"plain-container","ast-site-content-layout":"default","site-content-style":"default","site-sidebar-style":"default","ast-global-header-display":"","ast-banner-title-visibility":"","ast-main-header-display":"","ast-hfb-above-header-display":"","ast-hfb-below-header-display":"","ast-hfb-mobile-header-display":"","site-post-title":"disabled","ast-breadcrumbs-content":"","ast-featured-img":"","footer-sml-layout":"","ast-disable-related-posts":"","theme-transparent-header-meta":"enabled","adv-header-id-meta":"","stick-header-meta":"","header-above-stick-meta":"","header-main-stick-meta":"","header-below-stick-meta":"","astra-migrate-meta-layouts":"default","ast-page-background-enabled":"default","ast-page-background-meta":{"desktop":{"background-color":"var(--ast-global-color-5)","background-image":"","background-repeat":"repeat","background-position":"center center","background-size":"auto","background-attachment":"scroll","background-type":"","background-media":"","overlay-type":"","overlay-color":"","overlay-opacity":"","overlay-gradient":""},"tablet":{"background-color":"","background-image":"","background-repeat":"repeat","background-position":"center center","background-size":"auto","background-attachment":"scroll","background-type":"","background-media":"","overlay-type":"","overlay-color":"","overlay-opacity":"","overlay-gradient":""},"mobile":{"background-color":"","background-image":"","background-repeat":"repeat","background-position":"center center","background-size":"auto","background-attachment":"scroll","background-type":"","background-media":"","overlay-type":"","overlay-color":"","overlay-opacity":"","overlay-gradient":""}},"ast-content-background-meta":{"desktop":{"background-color":"var(--ast-global-color-4)","background-image":"","background-repeat":"repeat","background-position":"center center","background-size":"auto","background-attachment":"scroll","background-type":"","background-media":"","overlay-type":"","overlay-color":"","overlay-opacity":"","overlay-gradient":""},"tablet":{"background-color":"var(--ast-global-color-4)","background-image":"","background-repeat":"repeat","background-position":"center center","background-size":"auto","background-attachment":"scroll","background-type":"","background-media":"","overlay-type":"","overlay-color":"","overlay-opacity":"","overlay-gradient":""},"mobile":{"background-color":"var(--ast-global-color-4)","background-image":"","background-repeat":"repeat","background-position":"center center","background-size":"auto","background-attachment":"scroll","background-type":"","background-media":"","overlay-type":"","overlay-color":"","overlay-opacity":"","overlay-gradient":""}},"footnotes":""},"class_list":["post-594","page","type-page","status-publish","hentry"],"_links":{"self":[{"href":"https:\/\/josin.com.sg\/ja\/wp-json\/wp\/v2\/pages\/594","targetHints":{"allow":["GET"]}}],"collection":[{"href":"https:\/\/josin.com.sg\/ja\/wp-json\/wp\/v2\/pages"}],"about":[{"href":"https:\/\/josin.com.sg\/ja\/wp-json\/wp\/v2\/types\/page"}],"author":[{"embeddable":true,"href":"https:\/\/josin.com.sg\/ja\/wp-json\/wp\/v2\/users\/1"}],"replies":[{"embeddable":true,"href":"https:\/\/josin.com.sg\/ja\/wp-json\/wp\/v2\/comments?post=594"}],"version-history":[{"count":1,"href":"https:\/\/josin.com.sg\/ja\/wp-json\/wp\/v2\/pages\/594\/revisions"}],"predecessor-version":[{"id":595,"href":"https:\/\/josin.com.sg\/ja\/wp-json\/wp\/v2\/pages\/594\/revisions\/595"}],"wp:attachment":[{"href":"https:\/\/josin.com.sg\/ja\/wp-json\/wp\/v2\/media?parent=594"}],"curies":[{"name":"wp","href":"https:\/\/api.w.org\/{rel}","templated":true}]}}